{"id":1197,"date":"2024-09-12T10:03:49","date_gmt":"2024-09-12T08:03:49","guid":{"rendered":"https:\/\/akskoeln.de\/?page_id=1197"},"modified":"2024-09-12T10:08:11","modified_gmt":"2024-09-12T08:08:11","slug":"projektwoche-2024","status":"publish","type":"page","link":"http:\/\/akskoeln.de\/?page_id=1197","title":{"rendered":"Projektwoche 2024: &#8222;AKS Kreativ&#8220;"},"content":{"rendered":"<p><img loading=\"lazy\" decoding=\"async\" class=\"alignnone size-full wp-image-1143\" src=\"http:\/\/akskoeln.de\/wp-content\/uploads\/2024\/07\/PHOTO-2024-07-02-11-44-09-2.jpeg\" alt=\"\" width=\"1600\" height=\"1200\" srcset=\"http:\/\/akskoeln.de\/wp-content\/uploads\/2024\/07\/PHOTO-2024-07-02-11-44-09-2.jpeg 1600w, http:\/\/akskoeln.de\/wp-content\/uploads\/2024\/07\/PHOTO-2024-07-02-11-44-09-2-300x225.jpeg 300w, http:\/\/akskoeln.de\/wp-content\/uploads\/2024\/07\/PHOTO-2024-07-02-11-44-09-2-1024x768.jpeg 1024w, http:\/\/akskoeln.de\/wp-content\/uploads\/2024\/07\/PHOTO-2024-07-02-11-44-09-2-768x576.jpeg 768w, http:\/\/akskoeln.de\/wp-content\/uploads\/2024\/07\/PHOTO-2024-07-02-11-44-09-2-1536x1152.jpeg 1536w\" sizes=\"auto, (max-width: 1600px) 100vw, 1600px\" \/>Liebe Sch\u00fclerinnen und Sch\u00fcler, liebe Lehrerinnen und Lehrer, liebe Eltern und Freunde unserer Schule,<\/p>\n<p>voller Stolz und Freude blicken wir auf eine wundervolle und inspirierende Projektwoche zur\u00fcck, die unter dem Motto &#8222;AKS-Kreativ&#8220; stand. Die Abschlussfeier am vergangenen Dienstag in der letzten Schulwoche war der kr\u00f6nende H\u00f6hepunkt einer Woche, in der die Kreativit\u00e4t unserer Sch\u00fclerinnen und Sch\u00fcler in beeindruckender Weise zum Ausdruck kam.<\/p>\n<p>W\u00e4hrend dieser au\u00dfergew\u00f6hnlichen Tage hatten alle Klassen die Gelegenheit, ihre kreativen Talente zu entfalten und in verschiedenen Projekten zu zeigen, was in ihnen steckt. Von malerischen Kunstwerken \u00fcber fantasievolle Skulpturen bis hin zu tollen Bildern \u2013 die Vielfalt und Qualit\u00e4t der pr\u00e4sentierten Arbeiten waren \u00fcberw\u00e4ltigend.<\/p>\n<p>Unsere Sporthalle verwandelte sich am Dienstag in eine farbenfrohe Galerie, in der die Ergebnisse der Projektwoche bewundert werden konnten. Die stolzen Gesichter unserer Sch\u00fclerinnen und Sch\u00fcler zeigten, wie viel Leidenschaft und Engagement in jedes einzelne Projekt eingeflossen sind. Es war ein Fest der Kreativit\u00e4t, das uns allen noch lange in Erinnerung bleiben wird.<\/p>\n<p>Ein besonderes Highlight der Abschlussfeier war die feierliche Pr\u00e4sentation des Projektes \u201eKleigung aus aller Welt\u201c mit anschlie\u00dfendem Tanz. Jede Klasse hatte die M\u00f6glichkeit, ihre Arbeiten vorzustellen und die Geschichten hinter ihren Kunstwerken zu erz\u00e4hlen. Es war inspirierend zu sehen, wie unterschiedlich die Herangehensweisen und Ideen waren und wie viel Herzblut in den Projekten steckte. Die Begeisterung und der Stolz waren f\u00f6rmlich greifbar.<\/p>\n<p>Ein herzlicher Dank geht an alle Lehrerinnen und Lehrer, die mit viel Einsatz und Hingabe die Projektwoche begleitet und unterst\u00fctzt haben. Ohne ihre Motivation und Unterst\u00fctzung w\u00e4re diese besondere Woche nicht m\u00f6glich gewesen. Ebenso danken wir unseren Sch\u00fclerinnen und Sch\u00fcler f\u00fcr ihren Mut und Kreativit\u00e4t haben.<\/p>\n<p>Die Projektwoche &#8222;AKS-Kreativ&#8220; hat uns gezeigt, wie wichtig es ist, Raum f\u00fcr kreative Entfaltung zu schaffen und die individuellen Talente unserer Sch\u00fclerinnen und Sch\u00fcler zu f\u00f6rdern. Gemeinsam haben wir erlebt, dass Kreativit\u00e4t keine Grenzen kennt und dass jeder von uns etwas Einzigartiges beitragen kann.<\/p>\n<p>Wir freuen uns schon jetzt auf die n\u00e4chste Projektwoche und sind gespannt auf die vielen kreativen Ideen, die uns auch in Zukunft bereichern werden.<\/p>\n<p>Mit stolzgeschwellter Brust und einem L\u00e4cheln im Gesicht,<br \/>\ndas Team der AKS<\/p>\n<p><img loading=\"lazy\" decoding=\"async\" class=\"alignnone size-full wp-image-1150\" src=\"http:\/\/akskoeln.de\/wp-content\/uploads\/2024\/07\/PHOTO-2024-07-02-11-44-06-2.jpeg\" alt=\"\" width=\"1600\" height=\"1200\" srcset=\"http:\/\/akskoeln.de\/wp-content\/uploads\/2024\/07\/PHOTO-2024-07-02-11-44-06-2.jpeg 1600w, http:\/\/akskoeln.de\/wp-content\/uploads\/2024\/07\/PHOTO-2024-07-02-11-44-06-2-300x225.jpeg 300w, http:\/\/akskoeln.de\/wp-content\/uploads\/2024\/07\/PHOTO-2024-07-02-11-44-06-2-1024x768.jpeg 1024w, http:\/\/akskoeln.de\/wp-content\/uploads\/2024\/07\/PHOTO-2024-07-02-11-44-06-2-768x576.jpeg 768w, http:\/\/akskoeln.de\/wp-content\/uploads\/2024\/07\/PHOTO-2024-07-02-11-44-06-2-1536x1152.jpeg 1536w\" sizes=\"auto, (max-width: 1600px) 100vw, 1600px\" \/><\/p>\n<p><img loading=\"lazy\" decoding=\"async\" class=\"alignnone size-full wp-image-1144\" src=\"http:\/\/akskoeln.de\/wp-content\/uploads\/2024\/07\/PHOTO-2024-07-02-11-44-08-7.jpeg\" alt=\"\" width=\"1200\" height=\"1600\" srcset=\"http:\/\/akskoeln.de\/wp-content\/uploads\/2024\/07\/PHOTO-2024-07-02-11-44-08-7.jpeg 1200w, http:\/\/akskoeln.de\/wp-content\/uploads\/2024\/07\/PHOTO-2024-07-02-11-44-08-7-225x300.jpeg 225w, http:\/\/akskoeln.de\/wp-content\/uploads\/2024\/07\/PHOTO-2024-07-02-11-44-08-7-768x1024.jpeg 768w, http:\/\/akskoeln.de\/wp-content\/uploads\/2024\/07\/PHOTO-2024-07-02-11-44-08-7-1152x1536.jpeg 1152w\" sizes=\"auto, (max-width: 1200px) 100vw, 1200px\" \/><\/p>\n<p><img loading=\"lazy\" decoding=\"async\" class=\"alignnone size-full wp-image-1145\" src=\"http:\/\/akskoeln.de\/wp-content\/uploads\/2024\/07\/PHOTO-2024-07-02-11-44-08-4.jpeg\" alt=\"\" width=\"1200\" height=\"1600\" srcset=\"http:\/\/akskoeln.de\/wp-content\/uploads\/2024\/07\/PHOTO-2024-07-02-11-44-08-4.jpeg 1200w, http:\/\/akskoeln.de\/wp-content\/uploads\/2024\/07\/PHOTO-2024-07-02-11-44-08-4-225x300.jpeg 225w, http:\/\/akskoeln.de\/wp-content\/uploads\/2024\/07\/PHOTO-2024-07-02-11-44-08-4-768x1024.jpeg 768w, http:\/\/akskoeln.de\/wp-content\/uploads\/2024\/07\/PHOTO-2024-07-02-11-44-08-4-1152x1536.jpeg 1152w\" sizes=\"auto, (max-width: 1200px) 100vw, 1200px\" \/><\/p>\n<p><img loading=\"lazy\" decoding=\"async\" class=\"alignnone size-full wp-image-1146\" src=\"http:\/\/akskoeln.de\/wp-content\/uploads\/2024\/07\/PHOTO-2024-07-02-11-44-08.jpeg\" alt=\"\" width=\"1600\" height=\"1200\" srcset=\"http:\/\/akskoeln.de\/wp-content\/uploads\/2024\/07\/PHOTO-2024-07-02-11-44-08.jpeg 1600w, http:\/\/akskoeln.de\/wp-content\/uploads\/2024\/07\/PHOTO-2024-07-02-11-44-08-300x225.jpeg 300w, http:\/\/akskoeln.de\/wp-content\/uploads\/2024\/07\/PHOTO-2024-07-02-11-44-08-1024x768.jpeg 1024w, http:\/\/akskoeln.de\/wp-content\/uploads\/2024\/07\/PHOTO-2024-07-02-11-44-08-768x576.jpeg 768w, http:\/\/akskoeln.de\/wp-content\/uploads\/2024\/07\/PHOTO-2024-07-02-11-44-08-1536x1152.jpeg 1536w\" sizes=\"auto, (max-width: 1600px) 100vw, 1600px\" \/><\/p>\n<p><img loading=\"lazy\" decoding=\"async\" class=\"alignnone size-full wp-image-1147\" src=\"http:\/\/akskoeln.de\/wp-content\/uploads\/2024\/07\/PHOTO-2024-07-02-11-44-07-6.jpeg\" alt=\"\" width=\"1600\" height=\"1200\" srcset=\"http:\/\/akskoeln.de\/wp-content\/uploads\/2024\/07\/PHOTO-2024-07-02-11-44-07-6.jpeg 1600w, http:\/\/akskoeln.de\/wp-content\/uploads\/2024\/07\/PHOTO-2024-07-02-11-44-07-6-300x225.jpeg 300w, http:\/\/akskoeln.de\/wp-content\/uploads\/2024\/07\/PHOTO-2024-07-02-11-44-07-6-1024x768.jpeg 1024w, http:\/\/akskoeln.de\/wp-content\/uploads\/2024\/07\/PHOTO-2024-07-02-11-44-07-6-768x576.jpeg 768w, http:\/\/akskoeln.de\/wp-content\/uploads\/2024\/07\/PHOTO-2024-07-02-11-44-07-6-1536x1152.jpeg 1536w\" sizes=\"auto, (max-width: 1600px) 100vw, 1600px\" \/><\/p>\n<p><img loading=\"lazy\" decoding=\"async\" class=\"alignnone size-full wp-image-1148\" src=\"http:\/\/akskoeln.de\/wp-content\/uploads\/2024\/07\/PHOTO-2024-07-02-11-44-07.jpeg\" alt=\"\" width=\"1600\" height=\"1200\" srcset=\"http:\/\/akskoeln.de\/wp-content\/uploads\/2024\/07\/PHOTO-2024-07-02-11-44-07.jpeg 1600w, http:\/\/akskoeln.de\/wp-content\/uploads\/2024\/07\/PHOTO-2024-07-02-11-44-07-300x225.jpeg 300w, http:\/\/akskoeln.de\/wp-content\/uploads\/2024\/07\/PHOTO-2024-07-02-11-44-07-1024x768.jpeg 1024w, http:\/\/akskoeln.de\/wp-content\/uploads\/2024\/07\/PHOTO-2024-07-02-11-44-07-768x576.jpeg 768w, http:\/\/akskoeln.de\/wp-content\/uploads\/2024\/07\/PHOTO-2024-07-02-11-44-07-1536x1152.jpeg 1536w\" sizes=\"auto, (max-width: 1600px) 100vw, 1600px\" \/><\/p>\n<p><img loading=\"lazy\" decoding=\"async\" class=\"alignnone size-full wp-image-1149\" src=\"http:\/\/akskoeln.de\/wp-content\/uploads\/2024\/07\/PHOTO-2024-07-02-11-44-06-6.jpeg\" alt=\"\" width=\"1600\" height=\"1200\" srcset=\"http:\/\/akskoeln.de\/wp-content\/uploads\/2024\/07\/PHOTO-2024-07-02-11-44-06-6.jpeg 1600w, http:\/\/akskoeln.de\/wp-content\/uploads\/2024\/07\/PHOTO-2024-07-02-11-44-06-6-300x225.jpeg 300w, http:\/\/akskoeln.de\/wp-content\/uploads\/2024\/07\/PHOTO-2024-07-02-11-44-06-6-1024x768.jpeg 1024w, http:\/\/akskoeln.de\/wp-content\/uploads\/2024\/07\/PHOTO-2024-07-02-11-44-06-6-768x576.jpeg 768w, http:\/\/akskoeln.de\/wp-content\/uploads\/2024\/07\/PHOTO-2024-07-02-11-44-06-6-1536x1152.jpeg 1536w\" sizes=\"auto, (max-width: 1600px) 100vw, 1600px\" \/><\/p>\n<p>Dieser Text und die Bilder sollen nicht nur einen R\u00fcckblick auf die erfolgreiche Projektwoche bieten, sondern auch die kreative Energie und den Gemeinschaftsgeist unserer Schule widerspiegeln. Wir hoffen, dass er Ihnen genauso viel Freude bereitet wie uns die vergangenen Tage.<\/p>\n","protected":false},"excerpt":{"rendered":"<p>Liebe Sch\u00fclerinnen und Sch\u00fcler, liebe Lehrerinnen und Lehrer, liebe Eltern und Freunde unserer Schule, voller Stolz und Freude blicken wir auf eine wundervolle und inspirierende Projektwoche zur\u00fcck, die unter dem Motto &#8222;AKS-Kreativ&#8220; stand. Die Abschlussfeier am vergangenen Dienstag in der &hellip; <a href=\"http:\/\/akskoeln.de\/?page_id=1197\">Weiterlesen <span class=\"meta-nav\">&rarr;<\/span><\/a><\/p>\n","protected":false},"author":1,"featured_media":0,"parent":0,"menu_order":0,"comment_status":"closed","ping_status":"closed","template":"","meta":{"ngg_post_thumbnail":0,"footnotes":""},"class_list":["post-1197","page","type-page","status-publish","hentry"],"_links":{"self":[{"href":"http:\/\/akskoeln.de\/index.php?rest_route=\/wp\/v2\/pages\/1197","targetHints":{"allow":["GET"]}}],"collection":[{"href":"http:\/\/akskoeln.de\/index.php?rest_route=\/wp\/v2\/pages"}],"about":[{"href":"http:\/\/akskoeln.de\/index.php?rest_route=\/wp\/v2\/types\/page"}],"author":[{"embeddable":true,"href":"http:\/\/akskoeln.de\/index.php?rest_route=\/wp\/v2\/users\/1"}],"replies":[{"embeddable":true,"href":"http:\/\/akskoeln.de\/index.php?rest_route=%2Fwp%2Fv2%2Fcomments&post=1197"}],"version-history":[{"count":3,"href":"http:\/\/akskoeln.de\/index.php?rest_route=\/wp\/v2\/pages\/1197\/revisions"}],"predecessor-version":[{"id":1202,"href":"http:\/\/akskoeln.de\/index.php?rest_route=\/wp\/v2\/pages\/1197\/revisions\/1202"}],"wp:attachment":[{"href":"http:\/\/akskoeln.de\/index.php?rest_route=%2Fwp%2Fv2%2Fmedia&parent=1197"}],"curies":[{"name":"wp","href":"https:\/\/api.w.org\/{rel}","templated":true}]}}