{"id":1357,"date":"2025-02-04T11:42:23","date_gmt":"2025-02-04T10:42:23","guid":{"rendered":"https:\/\/akskoeln.de\/?page_id=1357"},"modified":"2025-02-04T11:43:11","modified_gmt":"2025-02-04T10:43:11","slug":"besuch-im-koelner-weihnachtszirkus","status":"publish","type":"page","link":"http:\/\/akskoeln.de\/?page_id=1357","title":{"rendered":"Besuch im K\u00f6lner Weihnachtszirkus"},"content":{"rendered":"<p><img loading=\"lazy\" decoding=\"async\" class=\"wp-image-1272 alignleft\" style=\"font-size: 16px;\" src=\"http:\/\/akskoeln.de\/wp-content\/uploads\/2024\/12\/3-scaled.jpg\" alt=\"\" width=\"456\" height=\"342\" srcset=\"http:\/\/akskoeln.de\/wp-content\/uploads\/2024\/12\/3-scaled.jpg 2560w, http:\/\/akskoeln.de\/wp-content\/uploads\/2024\/12\/3-300x225.jpg 300w, http:\/\/akskoeln.de\/wp-content\/uploads\/2024\/12\/3-1024x768.jpg 1024w, http:\/\/akskoeln.de\/wp-content\/uploads\/2024\/12\/3-768x576.jpg 768w, http:\/\/akskoeln.de\/wp-content\/uploads\/2024\/12\/3-1536x1152.jpg 1536w, http:\/\/akskoeln.de\/wp-content\/uploads\/2024\/12\/3-2048x1536.jpg 2048w\" sizes=\"auto, (max-width: 456px) 100vw, 456px\" \/>Am Mittwoch, den 04. Dezember`24 besuchten ca. 120 Sch\u00fclerinnen und Sch\u00fcler der Adolph-Kolping-Schule den K\u00f6lner Weihnachtszirkus.&nbsp;<\/p>\n<p>&nbsp;<\/p>\n<p>&nbsp;<\/p>\n<p>&nbsp;<\/p>\n<p>F\u00fcr einige Kinder war dies der erste Besuch in einem Zirkus \u00fcberhaupt.&nbsp; So war das Staunen bei dieser spannenden,&nbsp; atemberaubenden,&nbsp; eindrucksvollen und lustigen Vorstellung gro\u00df und sorgte f\u00fcr ein unvergessliches Erlebnis.<\/p>\n<p>Wir <strong>danken<\/strong> dem K\u00f6lner Weihnachtszirkus f\u00fcr diesen wundersch\u00f6nen vorweihnachtlichen Nachmittag!&nbsp;&nbsp;<\/p>\n<p><img loading=\"lazy\" decoding=\"async\" class=\"alignnone wp-image-1270\" src=\"http:\/\/akskoeln.de\/wp-content\/uploads\/2024\/12\/1-scaled.jpg\" alt=\"\" width=\"243\" height=\"224\" srcset=\"http:\/\/akskoeln.de\/wp-content\/uploads\/2024\/12\/1-scaled.jpg 2560w, http:\/\/akskoeln.de\/wp-content\/uploads\/2024\/12\/1-300x277.jpg 300w, http:\/\/akskoeln.de\/wp-content\/uploads\/2024\/12\/1-1024x946.jpg 1024w, http:\/\/akskoeln.de\/wp-content\/uploads\/2024\/12\/1-768x709.jpg 768w, http:\/\/akskoeln.de\/wp-content\/uploads\/2024\/12\/1-1536x1419.jpg 1536w, http:\/\/akskoeln.de\/wp-content\/uploads\/2024\/12\/1-2048x1891.jpg 2048w\" sizes=\"auto, (max-width: 243px) 100vw, 243px\" \/> <img loading=\"lazy\" decoding=\"async\" class=\"alignnone wp-image-1273\" src=\"http:\/\/akskoeln.de\/wp-content\/uploads\/2024\/12\/4-scaled.jpg\" alt=\"\" width=\"301\" height=\"226\" srcset=\"http:\/\/akskoeln.de\/wp-content\/uploads\/2024\/12\/4-scaled.jpg 2560w, http:\/\/akskoeln.de\/wp-content\/uploads\/2024\/12\/4-300x225.jpg 300w, http:\/\/akskoeln.de\/wp-content\/uploads\/2024\/12\/4-1024x768.jpg 1024w, http:\/\/akskoeln.de\/wp-content\/uploads\/2024\/12\/4-768x576.jpg 768w, http:\/\/akskoeln.de\/wp-content\/uploads\/2024\/12\/4-1536x1152.jpg 1536w, http:\/\/akskoeln.de\/wp-content\/uploads\/2024\/12\/4-2048x1536.jpg 2048w\" sizes=\"auto, (max-width: 301px) 100vw, 301px\" \/><\/p>\n","protected":false},"excerpt":{"rendered":"<p>Am Mittwoch, den 04. Dezember`24 besuchten ca. 120 Sch\u00fclerinnen und Sch\u00fcler der Adolph-Kolping-Schule den K\u00f6lner Weihnachtszirkus.&nbsp; &nbsp; &nbsp; &nbsp; F\u00fcr einige Kinder war dies der erste Besuch in einem Zirkus \u00fcberhaupt.&nbsp; So war das Staunen bei dieser spannenden,&nbsp; atemberaubenden,&nbsp; eindrucksvollen &hellip; <a href=\"http:\/\/akskoeln.de\/?page_id=1357\">Weiterlesen <span class=\"meta-nav\">&rarr;<\/span><\/a><\/p>\n","protected":false},"author":1,"featured_media":0,"parent":0,"menu_order":0,"comment_status":"closed","ping_status":"closed","template":"","meta":{"ngg_post_thumbnail":0,"footnotes":""},"class_list":["post-1357","page","type-page","status-publish","hentry"],"_links":{"self":[{"href":"http:\/\/akskoeln.de\/index.php?rest_route=\/wp\/v2\/pages\/1357","targetHints":{"allow":["GET"]}}],"collection":[{"href":"http:\/\/akskoeln.de\/index.php?rest_route=\/wp\/v2\/pages"}],"about":[{"href":"http:\/\/akskoeln.de\/index.php?rest_route=\/wp\/v2\/types\/page"}],"author":[{"embeddable":true,"href":"http:\/\/akskoeln.de\/index.php?rest_route=\/wp\/v2\/users\/1"}],"replies":[{"embeddable":true,"href":"http:\/\/akskoeln.de\/index.php?rest_route=%2Fwp%2Fv2%2Fcomments&post=1357"}],"version-history":[{"count":2,"href":"http:\/\/akskoeln.de\/index.php?rest_route=\/wp\/v2\/pages\/1357\/revisions"}],"predecessor-version":[{"id":1359,"href":"http:\/\/akskoeln.de\/index.php?rest_route=\/wp\/v2\/pages\/1357\/revisions\/1359"}],"wp:attachment":[{"href":"http:\/\/akskoeln.de\/index.php?rest_route=%2Fwp%2Fv2%2Fmedia&parent=1357"}],"curies":[{"name":"wp","href":"https:\/\/api.w.org\/{rel}","templated":true}]}}