{"id":617,"date":"2023-06-15T12:18:40","date_gmt":"2023-06-15T10:18:40","guid":{"rendered":"https:\/\/akskoeln.de\/?page_id=617"},"modified":"2023-06-15T12:18:40","modified_gmt":"2023-06-15T10:18:40","slug":"bau-dein-ding","status":"publish","type":"page","link":"http:\/\/akskoeln.de\/?page_id=617","title":{"rendered":"Bau-dein-Ding"},"content":{"rendered":"<p>Im M\u00e4rz konnten interessierte Sch\u00fclerinnen und Sch\u00fcler aus den 8. und 9. Klassen drei Tage lang interessante Bauberufe kennenlernen. Ein Mitarbeiter des Bauindustrieverbands NRW e.V. besuchte die Adolph-Kolping-Schule und brachte viel Material, Informationen und Engagement mit, so dass ein lebhaftes Kennenlernen der vielseitigen Ausbildungsberufe erm\u00f6glicht wurde.&nbsp; Vielen Dank daf\u00fcr!&nbsp;<\/p>\n<p>Wer sich informieren m\u00f6chte, kann alles unter <a href=\"http:\/\/www.bau-dein-ding.de\">www.bau-dein-ding.de<\/a> nachlesen.&nbsp;<\/p>\n<p><img loading=\"lazy\" decoding=\"async\" class=\"size-full wp-image-530 aligncenter\" src=\"http:\/\/akskoeln.de\/wp-content\/uploads\/2023\/03\/Bau-dein-Ding-scaled.jpg\" alt=\"\" width=\"2560\" height=\"1920\" srcset=\"http:\/\/akskoeln.de\/wp-content\/uploads\/2023\/03\/Bau-dein-Ding-scaled.jpg 2560w, http:\/\/akskoeln.de\/wp-content\/uploads\/2023\/03\/Bau-dein-Ding-300x225.jpg 300w, http:\/\/akskoeln.de\/wp-content\/uploads\/2023\/03\/Bau-dein-Ding-1024x768.jpg 1024w, http:\/\/akskoeln.de\/wp-content\/uploads\/2023\/03\/Bau-dein-Ding-768x576.jpg 768w, http:\/\/akskoeln.de\/wp-content\/uploads\/2023\/03\/Bau-dein-Ding-1536x1152.jpg 1536w, http:\/\/akskoeln.de\/wp-content\/uploads\/2023\/03\/Bau-dein-Ding-2048x1536.jpg 2048w\" sizes=\"auto, (max-width: 2560px) 100vw, 2560px\" \/><\/p>\n","protected":false},"excerpt":{"rendered":"<p>Im M\u00e4rz konnten interessierte Sch\u00fclerinnen und Sch\u00fcler aus den 8. und 9. Klassen drei Tage lang interessante Bauberufe kennenlernen. Ein Mitarbeiter des Bauindustrieverbands NRW e.V. besuchte die Adolph-Kolping-Schule und brachte viel Material, Informationen und Engagement mit, so dass ein lebhaftes &hellip; <a href=\"http:\/\/akskoeln.de\/?page_id=617\">Weiterlesen <span class=\"meta-nav\">&rarr;<\/span><\/a><\/p>\n","protected":false},"author":1,"featured_media":0,"parent":0,"menu_order":0,"comment_status":"closed","ping_status":"closed","template":"","meta":{"ngg_post_thumbnail":0,"footnotes":""},"class_list":["post-617","page","type-page","status-publish","hentry"],"_links":{"self":[{"href":"http:\/\/akskoeln.de\/index.php?rest_route=\/wp\/v2\/pages\/617","targetHints":{"allow":["GET"]}}],"collection":[{"href":"http:\/\/akskoeln.de\/index.php?rest_route=\/wp\/v2\/pages"}],"about":[{"href":"http:\/\/akskoeln.de\/index.php?rest_route=\/wp\/v2\/types\/page"}],"author":[{"embeddable":true,"href":"http:\/\/akskoeln.de\/index.php?rest_route=\/wp\/v2\/users\/1"}],"replies":[{"embeddable":true,"href":"http:\/\/akskoeln.de\/index.php?rest_route=%2Fwp%2Fv2%2Fcomments&post=617"}],"version-history":[{"count":1,"href":"http:\/\/akskoeln.de\/index.php?rest_route=\/wp\/v2\/pages\/617\/revisions"}],"predecessor-version":[{"id":618,"href":"http:\/\/akskoeln.de\/index.php?rest_route=\/wp\/v2\/pages\/617\/revisions\/618"}],"wp:attachment":[{"href":"http:\/\/akskoeln.de\/index.php?rest_route=%2Fwp%2Fv2%2Fmedia&parent=617"}],"curies":[{"name":"wp","href":"https:\/\/api.w.org\/{rel}","templated":true}]}}