{"id":899,"date":"2023-11-02T11:20:28","date_gmt":"2023-11-02T10:20:28","guid":{"rendered":"https:\/\/akskoeln.de\/?page_id=899"},"modified":"2024-08-14T08:57:16","modified_gmt":"2024-08-14T06:57:16","slug":"antisemitismus-workshop","status":"publish","type":"page","link":"http:\/\/akskoeln.de\/?page_id=899","title":{"rendered":"Antisemitismus Workshop"},"content":{"rendered":"<p>&nbsp;<\/p>\n<p>Ausgew\u00e4hlte Sch\u00fcler:innen der Jahrgansstufe 8 nahmen erfolgreich an einem dreit\u00e4gigen Workshop zum Thema Antisemitismus teil. Sie hatten die Gelegenheit, sich mit dem Thema konstruktiv auseinanderzusetzen.<\/p>\n<p>&nbsp;<\/p>\n<p>Durchgef\u00fchrt und geleitet wurde der Workshop von Zweitzeugen e.V., Zusammeneins e.V., Makkabi und FC-K\u00f6ln Stadionakademie. Die Ergebnisse wurden unter anderem der FC-Prominenz, Vertreter:innen der j\u00fcdischen Gemeinde, NS-Dokumentationszentrum und der Stadt K\u00f6ln pr\u00e4sentiert.<\/p>\n<!-- default-view.php -->\n<div\n\tclass=\"ngg-galleryoverview default-view \"\n\tid=\"ngg-gallery-50fe34d1a920811f772c585d052e5ee5-1\">\n\n\t\t<!-- Thumbnails -->\n\t\t\t\t<div id=\"ngg-image-0\" class=\"ngg-gallery-thumbnail-box \" >\n\t\t\t\t        <div class=\"ngg-gallery-thumbnail\">\n            <a href=\"http:\/\/akskoeln.de\/wp-content\/gallery\/antisemitismus-workshop\/antisemitismus-fanaktion-koeln-100_v-gseapremiumxl.jpg\"\n               title=\"\"\n               data-src=\"http:\/\/akskoeln.de\/wp-content\/gallery\/antisemitismus-workshop\/antisemitismus-fanaktion-koeln-100_v-gseapremiumxl.jpg\"\n               data-thumbnail=\"http:\/\/akskoeln.de\/wp-content\/gallery\/antisemitismus-workshop\/thumbs\/thumbs_antisemitismus-fanaktion-koeln-100_v-gseapremiumxl.jpg\"\n               data-image-id=\"17\"\n               data-title=\"antisemitismus-fanaktion-koeln-100_v-gseapremiumxl\"\n               data-description=\"\"\n               data-image-slug=\"antisemitismus-fanaktion-koeln-100_v-gseapremiumxl\"\n               class=\"ngg-simplelightbox\" rel=\"50fe34d1a920811f772c585d052e5ee5\">\n                <img\n                    title=\"antisemitismus-fanaktion-koeln-100_v-gseapremiumxl\"\n                    alt=\"antisemitismus-fanaktion-koeln-100_v-gseapremiumxl\"\n                    src=\"http:\/\/akskoeln.de\/wp-content\/gallery\/antisemitismus-workshop\/thumbs\/thumbs_antisemitismus-fanaktion-koeln-100_v-gseapremiumxl.jpg\"\n                    width=\"240\"\n                    height=\"160\"\n                    style=\"max-width:100%;\"\n                \/>\n            <\/a>\n        <\/div>\n\t\t\t\t\t\t\t<\/div> \n\t\t\t\n\t\t\t\t<div id=\"ngg-image-1\" class=\"ngg-gallery-thumbnail-box \" >\n\t\t\t\t        <div class=\"ngg-gallery-thumbnail\">\n            <a href=\"http:\/\/akskoeln.de\/wp-content\/gallery\/antisemitismus-workshop\/csm_20230830_Stadionakademie_1_542bb19aa6.jpg\"\n               title=\"\"\n               data-src=\"http:\/\/akskoeln.de\/wp-content\/gallery\/antisemitismus-workshop\/csm_20230830_Stadionakademie_1_542bb19aa6.jpg\"\n               data-thumbnail=\"http:\/\/akskoeln.de\/wp-content\/gallery\/antisemitismus-workshop\/thumbs\/thumbs_csm_20230830_Stadionakademie_1_542bb19aa6.jpg\"\n               data-image-id=\"18\"\n               data-title=\"csm_20230830_Stadionakademie_1_542bb19aa6\"\n               data-description=\"\"\n               data-image-slug=\"csm_20230830_stadionakademie_1_542bb19aa6\"\n               class=\"ngg-simplelightbox\" rel=\"50fe34d1a920811f772c585d052e5ee5\">\n                <img\n                    title=\"csm_20230830_Stadionakademie_1_542bb19aa6\"\n                    alt=\"csm_20230830_Stadionakademie_1_542bb19aa6\"\n                    src=\"http:\/\/akskoeln.de\/wp-content\/gallery\/antisemitismus-workshop\/thumbs\/thumbs_csm_20230830_Stadionakademie_1_542bb19aa6.jpg\"\n                    width=\"240\"\n                    height=\"160\"\n                    style=\"max-width:100%;\"\n                \/>\n            <\/a>\n        <\/div>\n\t\t\t\t\t\t\t<\/div> \n\t\t\t\n\t\t\t\t<div id=\"ngg-image-2\" class=\"ngg-gallery-thumbnail-box \" >\n\t\t\t\t        <div class=\"ngg-gallery-thumbnail\">\n            <a href=\"http:\/\/akskoeln.de\/wp-content\/gallery\/antisemitismus-workshop\/IMG-3738.jpg\"\n               title=\"\"\n               data-src=\"http:\/\/akskoeln.de\/wp-content\/gallery\/antisemitismus-workshop\/IMG-3738.jpg\"\n               data-thumbnail=\"http:\/\/akskoeln.de\/wp-content\/gallery\/antisemitismus-workshop\/thumbs\/thumbs_IMG-3738.jpg\"\n               data-image-id=\"19\"\n               data-title=\"IMG-3738\"\n               data-description=\"\"\n               data-image-slug=\"img-3738\"\n               class=\"ngg-simplelightbox\" rel=\"50fe34d1a920811f772c585d052e5ee5\">\n                <img\n                    title=\"IMG-3738\"\n                    alt=\"IMG-3738\"\n                    src=\"http:\/\/akskoeln.de\/wp-content\/gallery\/antisemitismus-workshop\/thumbs\/thumbs_IMG-3738.jpg\"\n                    width=\"240\"\n                    height=\"160\"\n                    style=\"max-width:100%;\"\n                \/>\n            <\/a>\n        <\/div>\n\t\t\t\t\t\t\t<\/div> \n\t\t\t\n\t\t\t\t<div id=\"ngg-image-3\" class=\"ngg-gallery-thumbnail-box \" >\n\t\t\t\t        <div class=\"ngg-gallery-thumbnail\">\n            <a href=\"http:\/\/akskoeln.de\/wp-content\/gallery\/antisemitismus-workshop\/IMG-3481.jpg\"\n               title=\"\"\n               data-src=\"http:\/\/akskoeln.de\/wp-content\/gallery\/antisemitismus-workshop\/IMG-3481.jpg\"\n               data-thumbnail=\"http:\/\/akskoeln.de\/wp-content\/gallery\/antisemitismus-workshop\/thumbs\/thumbs_IMG-3481.jpg\"\n               data-image-id=\"20\"\n               data-title=\"IMG-3481\"\n               data-description=\"\"\n               data-image-slug=\"img-3481\"\n               class=\"ngg-simplelightbox\" rel=\"50fe34d1a920811f772c585d052e5ee5\">\n                <img\n                    title=\"IMG-3481\"\n                    alt=\"IMG-3481\"\n                    src=\"http:\/\/akskoeln.de\/wp-content\/gallery\/antisemitismus-workshop\/thumbs\/thumbs_IMG-3481.jpg\"\n                    width=\"240\"\n                    height=\"160\"\n                    style=\"max-width:100%;\"\n                \/>\n            <\/a>\n        <\/div>\n\t\t\t\t\t\t\t<\/div> \n\t\t\t\n\t\t\t\t<div id=\"ngg-image-4\" class=\"ngg-gallery-thumbnail-box \" >\n\t\t\t\t        <div class=\"ngg-gallery-thumbnail\">\n            <a href=\"http:\/\/akskoeln.de\/wp-content\/gallery\/antisemitismus-workshop\/IMG-3500.jpg\"\n               title=\"\"\n               data-src=\"http:\/\/akskoeln.de\/wp-content\/gallery\/antisemitismus-workshop\/IMG-3500.jpg\"\n               data-thumbnail=\"http:\/\/akskoeln.de\/wp-content\/gallery\/antisemitismus-workshop\/thumbs\/thumbs_IMG-3500.jpg\"\n               data-image-id=\"21\"\n               data-title=\"IMG-3500\"\n               data-description=\"\"\n               data-image-slug=\"img-3500\"\n               class=\"ngg-simplelightbox\" rel=\"50fe34d1a920811f772c585d052e5ee5\">\n                <img\n                    title=\"IMG-3500\"\n                    alt=\"IMG-3500\"\n                    src=\"http:\/\/akskoeln.de\/wp-content\/gallery\/antisemitismus-workshop\/thumbs\/thumbs_IMG-3500.jpg\"\n                    width=\"240\"\n                    height=\"160\"\n                    style=\"max-width:100%;\"\n                \/>\n            <\/a>\n        <\/div>\n\t\t\t\t\t\t\t<\/div> \n\t\t\t\n\t\t\t\t<div id=\"ngg-image-5\" class=\"ngg-gallery-thumbnail-box \" >\n\t\t\t\t        <div class=\"ngg-gallery-thumbnail\">\n            <a href=\"http:\/\/akskoeln.de\/wp-content\/gallery\/antisemitismus-workshop\/IMG-3427.jpg\"\n               title=\"\"\n               data-src=\"http:\/\/akskoeln.de\/wp-content\/gallery\/antisemitismus-workshop\/IMG-3427.jpg\"\n               data-thumbnail=\"http:\/\/akskoeln.de\/wp-content\/gallery\/antisemitismus-workshop\/thumbs\/thumbs_IMG-3427.jpg\"\n               data-image-id=\"22\"\n               data-title=\"IMG-3427\"\n               data-description=\"\"\n               data-image-slug=\"img-3427\"\n               class=\"ngg-simplelightbox\" rel=\"50fe34d1a920811f772c585d052e5ee5\">\n                <img\n                    title=\"IMG-3427\"\n                    alt=\"IMG-3427\"\n                    src=\"http:\/\/akskoeln.de\/wp-content\/gallery\/antisemitismus-workshop\/thumbs\/thumbs_IMG-3427.jpg\"\n                    width=\"240\"\n                    height=\"160\"\n                    style=\"max-width:100%;\"\n                \/>\n            <\/a>\n        <\/div>\n\t\t\t\t\t\t\t<\/div> \n\t\t\t\n\t\t\t\t<div id=\"ngg-image-6\" class=\"ngg-gallery-thumbnail-box \" >\n\t\t\t\t        <div class=\"ngg-gallery-thumbnail\">\n            <a href=\"http:\/\/akskoeln.de\/wp-content\/gallery\/antisemitismus-workshop\/IMG-3467.jpg\"\n               title=\"\"\n               data-src=\"http:\/\/akskoeln.de\/wp-content\/gallery\/antisemitismus-workshop\/IMG-3467.jpg\"\n               data-thumbnail=\"http:\/\/akskoeln.de\/wp-content\/gallery\/antisemitismus-workshop\/thumbs\/thumbs_IMG-3467.jpg\"\n               data-image-id=\"23\"\n               data-title=\"IMG-3467\"\n               data-description=\"\"\n               data-image-slug=\"img-3467\"\n               class=\"ngg-simplelightbox\" rel=\"50fe34d1a920811f772c585d052e5ee5\">\n                <img\n                    title=\"IMG-3467\"\n                    alt=\"IMG-3467\"\n                    src=\"http:\/\/akskoeln.de\/wp-content\/gallery\/antisemitismus-workshop\/thumbs\/thumbs_IMG-3467.jpg\"\n                    width=\"240\"\n                    height=\"160\"\n                    style=\"max-width:100%;\"\n                \/>\n            <\/a>\n        <\/div>\n\t\t\t\t\t\t\t<\/div> \n\t\t\t\n\t\n\t<br style=\"clear: both\" \/>\n\n\t\n\t\t<!-- Pagination -->\n\t<div class='ngg-clear'><\/div>\t<\/div>\n\n<p>&nbsp;<\/p>\n","protected":false},"excerpt":{"rendered":"<p>&nbsp; Ausgew\u00e4hlte Sch\u00fcler:innen der Jahrgansstufe 8 nahmen erfolgreich an einem dreit\u00e4gigen Workshop zum Thema Antisemitismus teil. Sie hatten die Gelegenheit, sich mit dem Thema konstruktiv auseinanderzusetzen. &nbsp; Durchgef\u00fchrt und geleitet wurde der Workshop von Zweitzeugen e.V., Zusammeneins e.V., Makkabi und &hellip; <a href=\"http:\/\/akskoeln.de\/?page_id=899\">Weiterlesen <span class=\"meta-nav\">&rarr;<\/span><\/a><\/p>\n","protected":false},"author":1,"featured_media":0,"parent":0,"menu_order":0,"comment_status":"closed","ping_status":"closed","template":"","meta":{"ngg_post_thumbnail":0,"footnotes":""},"class_list":["post-899","page","type-page","status-publish","hentry"],"_links":{"self":[{"href":"http:\/\/akskoeln.de\/index.php?rest_route=\/wp\/v2\/pages\/899","targetHints":{"allow":["GET"]}}],"collection":[{"href":"http:\/\/akskoeln.de\/index.php?rest_route=\/wp\/v2\/pages"}],"about":[{"href":"http:\/\/akskoeln.de\/index.php?rest_route=\/wp\/v2\/types\/page"}],"author":[{"embeddable":true,"href":"http:\/\/akskoeln.de\/index.php?rest_route=\/wp\/v2\/users\/1"}],"replies":[{"embeddable":true,"href":"http:\/\/akskoeln.de\/index.php?rest_route=%2Fwp%2Fv2%2Fcomments&post=899"}],"version-history":[{"count":4,"href":"http:\/\/akskoeln.de\/index.php?rest_route=\/wp\/v2\/pages\/899\/revisions"}],"predecessor-version":[{"id":1154,"href":"http:\/\/akskoeln.de\/index.php?rest_route=\/wp\/v2\/pages\/899\/revisions\/1154"}],"wp:attachment":[{"href":"http:\/\/akskoeln.de\/index.php?rest_route=%2Fwp%2Fv2%2Fmedia&parent=899"}],"curies":[{"name":"wp","href":"https:\/\/api.w.org\/{rel}","templated":true}]}}