{"id":954,"date":"2024-01-14T18:15:11","date_gmt":"2024-01-14T17:15:11","guid":{"rendered":"https:\/\/akskoeln.de\/?page_id=954"},"modified":"2024-01-14T18:15:11","modified_gmt":"2024-01-14T17:15:11","slug":"teambuilding-mit-der-rheinflanke","status":"publish","type":"page","link":"http:\/\/akskoeln.de\/?page_id=954","title":{"rendered":"Teambuilding mit der Rheinflanke"},"content":{"rendered":"<p>Im November nahmen alle Vorbereitungsklassen (VKs) an einem Teamtraining, durchgef\u00fchrt durch die &#8222;Rheinflanke&#8220; in der Stra\u00dfenkicker Base, teil. Dabei war es wichtig die kniffligen und herausfordernden Aufgaben gemeinsam im Team zu l\u00f6sen. Jeder einzelne wurde gebraucht. Trotz sprachlicher Barrieren der Kinder, die alle noch keine zwei Jahre in Deutschland leben, waren sie sehr erfolgreich und hatten viel Spa\u00df dabei.&nbsp;<\/p>\n<p>Hier sehrt ihr die VK7 in Aktion.<\/p>\n<!-- default-view.php -->\n<div\n\tclass=\"ngg-galleryoverview default-view \"\n\tid=\"ngg-gallery-c68330248430c85db1f892875be18b31-1\">\n\n\t\t<!-- Thumbnails -->\n\t\t\t\t<div id=\"ngg-image-0\" class=\"ngg-gallery-thumbnail-box \" >\n\t\t\t\t        <div class=\"ngg-gallery-thumbnail\">\n            <a href=\"http:\/\/akskoeln.de\/wp-content\/gallery\/rheinflanke-23\/IMG_6903.jpeg\"\n               title=\"\"\n               data-src=\"http:\/\/akskoeln.de\/wp-content\/gallery\/rheinflanke-23\/IMG_6903.jpeg\"\n               data-thumbnail=\"http:\/\/akskoeln.de\/wp-content\/gallery\/rheinflanke-23\/thumbs\/thumbs_IMG_6903.jpeg\"\n               data-image-id=\"53\"\n               data-title=\"IMG_6903\"\n               data-description=\"\"\n               data-image-slug=\"img_6903\"\n               class=\"ngg-simplelightbox\" rel=\"c68330248430c85db1f892875be18b31\">\n                <img\n                    title=\"IMG_6903\"\n                    alt=\"IMG_6903\"\n                    src=\"http:\/\/akskoeln.de\/wp-content\/gallery\/rheinflanke-23\/thumbs\/thumbs_IMG_6903.jpeg\"\n                    width=\"240\"\n                    height=\"160\"\n                    style=\"max-width:100%;\"\n                \/>\n            <\/a>\n        <\/div>\n\t\t\t\t\t\t\t<\/div> \n\t\t\t\n\t\t\t\t<div id=\"ngg-image-1\" class=\"ngg-gallery-thumbnail-box \" >\n\t\t\t\t        <div class=\"ngg-gallery-thumbnail\">\n            <a href=\"http:\/\/akskoeln.de\/wp-content\/gallery\/rheinflanke-23\/IMG_6923.jpeg\"\n               title=\"\"\n               data-src=\"http:\/\/akskoeln.de\/wp-content\/gallery\/rheinflanke-23\/IMG_6923.jpeg\"\n               data-thumbnail=\"http:\/\/akskoeln.de\/wp-content\/gallery\/rheinflanke-23\/thumbs\/thumbs_IMG_6923.jpeg\"\n               data-image-id=\"55\"\n               data-title=\"IMG_6923\"\n               data-description=\"\"\n               data-image-slug=\"img_6923\"\n               class=\"ngg-simplelightbox\" rel=\"c68330248430c85db1f892875be18b31\">\n                <img\n                    title=\"IMG_6923\"\n                    alt=\"IMG_6923\"\n                    src=\"http:\/\/akskoeln.de\/wp-content\/gallery\/rheinflanke-23\/thumbs\/thumbs_IMG_6923.jpeg\"\n                    width=\"240\"\n                    height=\"160\"\n                    style=\"max-width:100%;\"\n                \/>\n            <\/a>\n        <\/div>\n\t\t\t\t\t\t\t<\/div> \n\t\t\t\n\t\t\t\t<div id=\"ngg-image-2\" class=\"ngg-gallery-thumbnail-box \" >\n\t\t\t\t        <div class=\"ngg-gallery-thumbnail\">\n            <a href=\"http:\/\/akskoeln.de\/wp-content\/gallery\/rheinflanke-23\/IMG_6894.jpeg\"\n               title=\"\"\n               data-src=\"http:\/\/akskoeln.de\/wp-content\/gallery\/rheinflanke-23\/IMG_6894.jpeg\"\n               data-thumbnail=\"http:\/\/akskoeln.de\/wp-content\/gallery\/rheinflanke-23\/thumbs\/thumbs_IMG_6894.jpeg\"\n               data-image-id=\"56\"\n               data-title=\"IMG_6894\"\n               data-description=\"\"\n               data-image-slug=\"img_6894\"\n               class=\"ngg-simplelightbox\" rel=\"c68330248430c85db1f892875be18b31\">\n                <img\n                    title=\"IMG_6894\"\n                    alt=\"IMG_6894\"\n                    src=\"http:\/\/akskoeln.de\/wp-content\/gallery\/rheinflanke-23\/thumbs\/thumbs_IMG_6894.jpeg\"\n                    width=\"240\"\n                    height=\"160\"\n                    style=\"max-width:100%;\"\n                \/>\n            <\/a>\n        <\/div>\n\t\t\t\t\t\t\t<\/div> \n\t\t\t\n\t\t\t\t<div id=\"ngg-image-3\" class=\"ngg-gallery-thumbnail-box \" >\n\t\t\t\t        <div class=\"ngg-gallery-thumbnail\">\n            <a href=\"http:\/\/akskoeln.de\/wp-content\/gallery\/rheinflanke-23\/IMG_6912.jpeg\"\n               title=\"\"\n               data-src=\"http:\/\/akskoeln.de\/wp-content\/gallery\/rheinflanke-23\/IMG_6912.jpeg\"\n               data-thumbnail=\"http:\/\/akskoeln.de\/wp-content\/gallery\/rheinflanke-23\/thumbs\/thumbs_IMG_6912.jpeg\"\n               data-image-id=\"57\"\n               data-title=\"IMG_6912\"\n               data-description=\"\"\n               data-image-slug=\"img_6912\"\n               class=\"ngg-simplelightbox\" rel=\"c68330248430c85db1f892875be18b31\">\n                <img\n                    title=\"IMG_6912\"\n                    alt=\"IMG_6912\"\n                    src=\"http:\/\/akskoeln.de\/wp-content\/gallery\/rheinflanke-23\/thumbs\/thumbs_IMG_6912.jpeg\"\n                    width=\"240\"\n                    height=\"160\"\n                    style=\"max-width:100%;\"\n                \/>\n            <\/a>\n        <\/div>\n\t\t\t\t\t\t\t<\/div> \n\t\t\t\n\t\t\t\t<div id=\"ngg-image-4\" class=\"ngg-gallery-thumbnail-box \" >\n\t\t\t\t        <div class=\"ngg-gallery-thumbnail\">\n            <a href=\"http:\/\/akskoeln.de\/wp-content\/gallery\/rheinflanke-23\/IMG_6908.jpeg\"\n               title=\"\"\n               data-src=\"http:\/\/akskoeln.de\/wp-content\/gallery\/rheinflanke-23\/IMG_6908.jpeg\"\n               data-thumbnail=\"http:\/\/akskoeln.de\/wp-content\/gallery\/rheinflanke-23\/thumbs\/thumbs_IMG_6908.jpeg\"\n               data-image-id=\"58\"\n               data-title=\"IMG_6908\"\n               data-description=\"\"\n               data-image-slug=\"img_6908\"\n               class=\"ngg-simplelightbox\" rel=\"c68330248430c85db1f892875be18b31\">\n                <img\n                    title=\"IMG_6908\"\n                    alt=\"IMG_6908\"\n                    src=\"http:\/\/akskoeln.de\/wp-content\/gallery\/rheinflanke-23\/thumbs\/thumbs_IMG_6908.jpeg\"\n                    width=\"240\"\n                    height=\"160\"\n                    style=\"max-width:100%;\"\n                \/>\n            <\/a>\n        <\/div>\n\t\t\t\t\t\t\t<\/div> \n\t\t\t\n\t\t\t\t<div id=\"ngg-image-5\" class=\"ngg-gallery-thumbnail-box \" >\n\t\t\t\t        <div class=\"ngg-gallery-thumbnail\">\n            <a href=\"http:\/\/akskoeln.de\/wp-content\/gallery\/rheinflanke-23\/IMG_6922.jpeg\"\n               title=\"\"\n               data-src=\"http:\/\/akskoeln.de\/wp-content\/gallery\/rheinflanke-23\/IMG_6922.jpeg\"\n               data-thumbnail=\"http:\/\/akskoeln.de\/wp-content\/gallery\/rheinflanke-23\/thumbs\/thumbs_IMG_6922.jpeg\"\n               data-image-id=\"59\"\n               data-title=\"IMG_6922\"\n               data-description=\"\"\n               data-image-slug=\"img_6922\"\n               class=\"ngg-simplelightbox\" rel=\"c68330248430c85db1f892875be18b31\">\n                <img\n                    title=\"IMG_6922\"\n                    alt=\"IMG_6922\"\n                    src=\"http:\/\/akskoeln.de\/wp-content\/gallery\/rheinflanke-23\/thumbs\/thumbs_IMG_6922.jpeg\"\n                    width=\"240\"\n                    height=\"160\"\n                    style=\"max-width:100%;\"\n                \/>\n            <\/a>\n        <\/div>\n\t\t\t\t\t\t\t<\/div> \n\t\t\t\n\t\t\t\t<div id=\"ngg-image-6\" class=\"ngg-gallery-thumbnail-box \" >\n\t\t\t\t        <div class=\"ngg-gallery-thumbnail\">\n            <a href=\"http:\/\/akskoeln.de\/wp-content\/gallery\/rheinflanke-23\/IMG_6921.jpeg\"\n               title=\"\"\n               data-src=\"http:\/\/akskoeln.de\/wp-content\/gallery\/rheinflanke-23\/IMG_6921.jpeg\"\n               data-thumbnail=\"http:\/\/akskoeln.de\/wp-content\/gallery\/rheinflanke-23\/thumbs\/thumbs_IMG_6921.jpeg\"\n               data-image-id=\"60\"\n               data-title=\"IMG_6921\"\n               data-description=\"\"\n               data-image-slug=\"img_6921\"\n               class=\"ngg-simplelightbox\" rel=\"c68330248430c85db1f892875be18b31\">\n                <img\n                    title=\"IMG_6921\"\n                    alt=\"IMG_6921\"\n                    src=\"http:\/\/akskoeln.de\/wp-content\/gallery\/rheinflanke-23\/thumbs\/thumbs_IMG_6921.jpeg\"\n                    width=\"240\"\n                    height=\"160\"\n                    style=\"max-width:100%;\"\n                \/>\n            <\/a>\n        <\/div>\n\t\t\t\t\t\t\t<\/div> \n\t\t\t\n\t\t\t\t<div id=\"ngg-image-7\" class=\"ngg-gallery-thumbnail-box \" >\n\t\t\t\t        <div class=\"ngg-gallery-thumbnail\">\n            <a href=\"http:\/\/akskoeln.de\/wp-content\/gallery\/rheinflanke-23\/IMG_6917.jpeg\"\n               title=\"\"\n               data-src=\"http:\/\/akskoeln.de\/wp-content\/gallery\/rheinflanke-23\/IMG_6917.jpeg\"\n               data-thumbnail=\"http:\/\/akskoeln.de\/wp-content\/gallery\/rheinflanke-23\/thumbs\/thumbs_IMG_6917.jpeg\"\n               data-image-id=\"61\"\n               data-title=\"IMG_6917\"\n               data-description=\"\"\n               data-image-slug=\"img_6917\"\n               class=\"ngg-simplelightbox\" rel=\"c68330248430c85db1f892875be18b31\">\n                <img\n                    title=\"IMG_6917\"\n                    alt=\"IMG_6917\"\n                    src=\"http:\/\/akskoeln.de\/wp-content\/gallery\/rheinflanke-23\/thumbs\/thumbs_IMG_6917.jpeg\"\n                    width=\"240\"\n                    height=\"160\"\n                    style=\"max-width:100%;\"\n                \/>\n            <\/a>\n        <\/div>\n\t\t\t\t\t\t\t<\/div> \n\t\t\t\n\t\t\t\t<div id=\"ngg-image-8\" class=\"ngg-gallery-thumbnail-box \" >\n\t\t\t\t        <div class=\"ngg-gallery-thumbnail\">\n            <a href=\"http:\/\/akskoeln.de\/wp-content\/gallery\/rheinflanke-23\/IMG_6918.jpeg\"\n               title=\"\"\n               data-src=\"http:\/\/akskoeln.de\/wp-content\/gallery\/rheinflanke-23\/IMG_6918.jpeg\"\n               data-thumbnail=\"http:\/\/akskoeln.de\/wp-content\/gallery\/rheinflanke-23\/thumbs\/thumbs_IMG_6918.jpeg\"\n               data-image-id=\"62\"\n               data-title=\"IMG_6918\"\n               data-description=\"\"\n               data-image-slug=\"img_6918\"\n               class=\"ngg-simplelightbox\" rel=\"c68330248430c85db1f892875be18b31\">\n                <img\n                    title=\"IMG_6918\"\n                    alt=\"IMG_6918\"\n                    src=\"http:\/\/akskoeln.de\/wp-content\/gallery\/rheinflanke-23\/thumbs\/thumbs_IMG_6918.jpeg\"\n                    width=\"240\"\n                    height=\"160\"\n                    style=\"max-width:100%;\"\n                \/>\n            <\/a>\n        <\/div>\n\t\t\t\t\t\t\t<\/div> \n\t\t\t\n\t\n\t<br style=\"clear: both\" \/>\n\n\t\n\t\t<!-- Pagination -->\n\t<div class='ngg-clear'><\/div>\t<\/div>\n\n","protected":false},"excerpt":{"rendered":"<p>Im November nahmen alle Vorbereitungsklassen (VKs) an einem Teamtraining, durchgef\u00fchrt durch die &#8222;Rheinflanke&#8220; in der Stra\u00dfenkicker Base, teil. Dabei war es wichtig die kniffligen und herausfordernden Aufgaben gemeinsam im Team zu l\u00f6sen. Jeder einzelne wurde gebraucht. Trotz sprachlicher Barrieren der &hellip; <a href=\"http:\/\/akskoeln.de\/?page_id=954\">Weiterlesen <span class=\"meta-nav\">&rarr;<\/span><\/a><\/p>\n","protected":false},"author":1,"featured_media":0,"parent":0,"menu_order":0,"comment_status":"closed","ping_status":"closed","template":"","meta":{"ngg_post_thumbnail":0,"footnotes":""},"class_list":["post-954","page","type-page","status-publish","hentry"],"_links":{"self":[{"href":"http:\/\/akskoeln.de\/index.php?rest_route=\/wp\/v2\/pages\/954","targetHints":{"allow":["GET"]}}],"collection":[{"href":"http:\/\/akskoeln.de\/index.php?rest_route=\/wp\/v2\/pages"}],"about":[{"href":"http:\/\/akskoeln.de\/index.php?rest_route=\/wp\/v2\/types\/page"}],"author":[{"embeddable":true,"href":"http:\/\/akskoeln.de\/index.php?rest_route=\/wp\/v2\/users\/1"}],"replies":[{"embeddable":true,"href":"http:\/\/akskoeln.de\/index.php?rest_route=%2Fwp%2Fv2%2Fcomments&post=954"}],"version-history":[{"count":1,"href":"http:\/\/akskoeln.de\/index.php?rest_route=\/wp\/v2\/pages\/954\/revisions"}],"predecessor-version":[{"id":955,"href":"http:\/\/akskoeln.de\/index.php?rest_route=\/wp\/v2\/pages\/954\/revisions\/955"}],"wp:attachment":[{"href":"http:\/\/akskoeln.de\/index.php?rest_route=%2Fwp%2Fv2%2Fmedia&parent=954"}],"curies":[{"name":"wp","href":"https:\/\/api.w.org\/{rel}","templated":true}]}}