{"id":1186,"date":"2024-09-12T09:33:11","date_gmt":"2024-09-12T07:33:11","guid":{"rendered":"https:\/\/akskoeln.de\/?page_id=1186"},"modified":"2024-09-12T09:33:11","modified_gmt":"2024-09-12T07:33:11","slug":"erfolg-bei-den-koelner-rugby-schulmeisterschaften","status":"publish","type":"page","link":"https:\/\/akskoeln.de\/?page_id=1186","title":{"rendered":"Erfolg bei den K\u00f6lner Rugby-Schulmeisterschaften"},"content":{"rendered":"<p>&nbsp;<\/p>\n<p><img loading=\"lazy\" decoding=\"async\" class=\"wp-image-1106 alignleft\" src=\"http:\/\/akskoeln.de\/wp-content\/uploads\/2024\/05\/IMG_7597-scaled-e1716738803459.jpeg\" alt=\"\" width=\"404\" height=\"317\" srcset=\"https:\/\/akskoeln.de\/wp-content\/uploads\/2024\/05\/IMG_7597-scaled-e1716738803459.jpeg 1826w, https:\/\/akskoeln.de\/wp-content\/uploads\/2024\/05\/IMG_7597-scaled-e1716738803459-300x235.jpeg 300w, https:\/\/akskoeln.de\/wp-content\/uploads\/2024\/05\/IMG_7597-scaled-e1716738803459-1024x804.jpeg 1024w, https:\/\/akskoeln.de\/wp-content\/uploads\/2024\/05\/IMG_7597-scaled-e1716738803459-768x603.jpeg 768w, https:\/\/akskoeln.de\/wp-content\/uploads\/2024\/05\/IMG_7597-scaled-e1716738803459-1536x1205.jpeg 1536w\" sizes=\"auto, (max-width: 404px) 100vw, 404px\" \/> Freitag, den 24. Mai &#8217;24, haben eine Mannschaft aus neun Sch\u00fclerinnen und Sch\u00fclern der siebten Klasse bei str\u00f6mendem Regen einen tollen Erfolg erzielt. Pitschnass spielten und k\u00e4mpften sie auf dem Rasen des Rugby-Parks in Klettenberg gegen einige andere Teams der Sekundarstufe 1 und erzielten einen sensationellen&nbsp;<strong>zweiten Platz<\/strong>.<\/p>\n<p>Zum Gl\u00fcck bekamen alle Teilnehmer ein trockenes T-shirt geschenkt, so dass wir stolz und (fast) trocken nach Hause fahren konnten.<\/p>\n<p><img loading=\"lazy\" decoding=\"async\" class=\"alignnone wp-image-1103\" src=\"http:\/\/akskoeln.de\/wp-content\/uploads\/2024\/05\/IMG_7594-scaled-e1716738679797.jpeg\" alt=\"\" width=\"609\" height=\"336\" srcset=\"https:\/\/akskoeln.de\/wp-content\/uploads\/2024\/05\/IMG_7594-scaled-e1716738679797.jpeg 1672w, https:\/\/akskoeln.de\/wp-content\/uploads\/2024\/05\/IMG_7594-scaled-e1716738679797-300x165.jpeg 300w, https:\/\/akskoeln.de\/wp-content\/uploads\/2024\/05\/IMG_7594-scaled-e1716738679797-1024x564.jpeg 1024w, https:\/\/akskoeln.de\/wp-content\/uploads\/2024\/05\/IMG_7594-scaled-e1716738679797-768x423.jpeg 768w, https:\/\/akskoeln.de\/wp-content\/uploads\/2024\/05\/IMG_7594-scaled-e1716738679797-1536x846.jpeg 1536w\" sizes=\"auto, (max-width: 609px) 100vw, 609px\" \/><\/p>\n<p>&nbsp;<img loading=\"lazy\" decoding=\"async\" class=\"alignnone wp-image-1105\" src=\"http:\/\/akskoeln.de\/wp-content\/uploads\/2024\/05\/IMG_7596-scaled.jpeg\" alt=\"\" width=\"244\" height=\"326\" srcset=\"https:\/\/akskoeln.de\/wp-content\/uploads\/2024\/05\/IMG_7596-scaled.jpeg 1920w, https:\/\/akskoeln.de\/wp-content\/uploads\/2024\/05\/IMG_7596-225x300.jpeg 225w, https:\/\/akskoeln.de\/wp-content\/uploads\/2024\/05\/IMG_7596-768x1024.jpeg 768w, https:\/\/akskoeln.de\/wp-content\/uploads\/2024\/05\/IMG_7596-1152x1536.jpeg 1152w, https:\/\/akskoeln.de\/wp-content\/uploads\/2024\/05\/IMG_7596-1536x2048.jpeg 1536w\" sizes=\"auto, (max-width: 244px) 100vw, 244px\" \/>&nbsp; &nbsp; &nbsp; &nbsp; &nbsp; &nbsp; &nbsp;&nbsp; <img loading=\"lazy\" decoding=\"async\" class=\"alignnone wp-image-1101\" src=\"http:\/\/akskoeln.de\/wp-content\/uploads\/2024\/05\/IMG_7593-scaled.jpeg\" alt=\"\" width=\"244\" height=\"326\" srcset=\"https:\/\/akskoeln.de\/wp-content\/uploads\/2024\/05\/IMG_7593-scaled.jpeg 1920w, https:\/\/akskoeln.de\/wp-content\/uploads\/2024\/05\/IMG_7593-225x300.jpeg 225w, https:\/\/akskoeln.de\/wp-content\/uploads\/2024\/05\/IMG_7593-768x1024.jpeg 768w, https:\/\/akskoeln.de\/wp-content\/uploads\/2024\/05\/IMG_7593-1152x1536.jpeg 1152w, https:\/\/akskoeln.de\/wp-content\/uploads\/2024\/05\/IMG_7593-1536x2048.jpeg 1536w\" sizes=\"auto, (max-width: 244px) 100vw, 244px\" \/><\/p>\n<p>Vielen Dank an den Rugby-Sportverein K\u00f6ln f\u00fcr diese tolle Veranstaltung!<\/p>\n<p><img loading=\"lazy\" decoding=\"async\" class=\"alignnone wp-image-1102 size-full\" src=\"http:\/\/akskoeln.de\/wp-content\/uploads\/2024\/05\/IMG_7605-scaled-e1716738949770.jpeg\" alt=\"\" width=\"2359\" height=\"1646\" srcset=\"https:\/\/akskoeln.de\/wp-content\/uploads\/2024\/05\/IMG_7605-scaled-e1716738949770.jpeg 2359w, https:\/\/akskoeln.de\/wp-content\/uploads\/2024\/05\/IMG_7605-scaled-e1716738949770-300x209.jpeg 300w, https:\/\/akskoeln.de\/wp-content\/uploads\/2024\/05\/IMG_7605-scaled-e1716738949770-1024x714.jpeg 1024w, https:\/\/akskoeln.de\/wp-content\/uploads\/2024\/05\/IMG_7605-scaled-e1716738949770-768x536.jpeg 768w, https:\/\/akskoeln.de\/wp-content\/uploads\/2024\/05\/IMG_7605-scaled-e1716738949770-1536x1072.jpeg 1536w, https:\/\/akskoeln.de\/wp-content\/uploads\/2024\/05\/IMG_7605-scaled-e1716738949770-2048x1429.jpeg 2048w\" sizes=\"auto, (max-width: 2359px) 100vw, 2359px\" \/>So sehen ersch\u00f6pfte, nasse und gl\u00fcckliche zweite Sieger aus!<\/p>\n","protected":false},"excerpt":{"rendered":"<p>&nbsp; Freitag, den 24. Mai &#8217;24, haben eine Mannschaft aus neun Sch\u00fclerinnen und Sch\u00fclern der siebten Klasse bei str\u00f6mendem Regen einen tollen Erfolg erzielt. Pitschnass spielten und k\u00e4mpften sie auf dem Rasen des Rugby-Parks in Klettenberg gegen einige andere Teams &hellip; <a href=\"https:\/\/akskoeln.de\/?page_id=1186\">Weiterlesen <span class=\"meta-nav\">&rarr;<\/span><\/a><\/p>\n","protected":false},"author":1,"featured_media":0,"parent":0,"menu_order":0,"comment_status":"closed","ping_status":"closed","template":"","meta":{"ngg_post_thumbnail":0,"footnotes":""},"class_list":["post-1186","page","type-page","status-publish","hentry"],"_links":{"self":[{"href":"https:\/\/akskoeln.de\/index.php?rest_route=\/wp\/v2\/pages\/1186","targetHints":{"allow":["GET"]}}],"collection":[{"href":"https:\/\/akskoeln.de\/index.php?rest_route=\/wp\/v2\/pages"}],"about":[{"href":"https:\/\/akskoeln.de\/index.php?rest_route=\/wp\/v2\/types\/page"}],"author":[{"embeddable":true,"href":"https:\/\/akskoeln.de\/index.php?rest_route=\/wp\/v2\/users\/1"}],"replies":[{"embeddable":true,"href":"https:\/\/akskoeln.de\/index.php?rest_route=%2Fwp%2Fv2%2Fcomments&post=1186"}],"version-history":[{"count":1,"href":"https:\/\/akskoeln.de\/index.php?rest_route=\/wp\/v2\/pages\/1186\/revisions"}],"predecessor-version":[{"id":1187,"href":"https:\/\/akskoeln.de\/index.php?rest_route=\/wp\/v2\/pages\/1186\/revisions\/1187"}],"wp:attachment":[{"href":"https:\/\/akskoeln.de\/index.php?rest_route=%2Fwp%2Fv2%2Fmedia&parent=1186"}],"curies":[{"name":"wp","href":"https:\/\/api.w.org\/{rel}","templated":true}]}}