{"id":1189,"date":"2024-09-12T09:38:06","date_gmt":"2024-09-12T07:38:06","guid":{"rendered":"https:\/\/akskoeln.de\/?page_id=1189"},"modified":"2024-09-12T09:38:06","modified_gmt":"2024-09-12T07:38:06","slug":"hauptschul-fussball-cup-2024","status":"publish","type":"page","link":"https:\/\/akskoeln.de\/?page_id=1189","title":{"rendered":"Hauptschul-Fu\u00dfball-Cup 2024"},"content":{"rendered":"<p>Am Dienstag, den 28. Mai hat die Schulmannschaft der Adolph-Kolping-Schule, sehr erfolgreich den K\u00f6lner Hauptschul-Fu\u00dfball-Cup im Sportpark H\u00f6henberg abgeschnitten. Sie erzielten den <strong>zweiten Platz<\/strong> von sieben weiteren Hauptschulen.&nbsp;<\/p>\n<p>Begleitet von Herrn Kirkiz wurden viele Tore geschossen und die Stimmung war gut.&nbsp;<\/p>\n<p>Herzlichen Gl\u00fcckwunsch!<\/p>\n<p><img loading=\"lazy\" decoding=\"async\" class=\"alignnone wp-image-1116\" src=\"http:\/\/akskoeln.de\/wp-content\/uploads\/2024\/06\/Fussballcup-1.jpg\" alt=\"\" width=\"481\" height=\"496\" srcset=\"https:\/\/akskoeln.de\/wp-content\/uploads\/2024\/06\/Fussballcup-1.jpg 1729w, https:\/\/akskoeln.de\/wp-content\/uploads\/2024\/06\/Fussballcup-1-291x300.jpg 291w, https:\/\/akskoeln.de\/wp-content\/uploads\/2024\/06\/Fussballcup-1-994x1024.jpg 994w, https:\/\/akskoeln.de\/wp-content\/uploads\/2024\/06\/Fussballcup-1-768x792.jpg 768w, https:\/\/akskoeln.de\/wp-content\/uploads\/2024\/06\/Fussballcup-1-1490x1536.jpg 1490w\" sizes=\"auto, (max-width: 481px) 100vw, 481px\" \/><\/p>\n","protected":false},"excerpt":{"rendered":"<p>Am Dienstag, den 28. Mai hat die Schulmannschaft der Adolph-Kolping-Schule, sehr erfolgreich den K\u00f6lner Hauptschul-Fu\u00dfball-Cup im Sportpark H\u00f6henberg abgeschnitten. Sie erzielten den zweiten Platz von sieben weiteren Hauptschulen.&nbsp; Begleitet von Herrn Kirkiz wurden viele Tore geschossen und die Stimmung war &hellip; <a href=\"https:\/\/akskoeln.de\/?page_id=1189\">Weiterlesen <span class=\"meta-nav\">&rarr;<\/span><\/a><\/p>\n","protected":false},"author":1,"featured_media":0,"parent":0,"menu_order":0,"comment_status":"closed","ping_status":"closed","template":"","meta":{"ngg_post_thumbnail":0,"footnotes":""},"class_list":["post-1189","page","type-page","status-publish","hentry"],"_links":{"self":[{"href":"https:\/\/akskoeln.de\/index.php?rest_route=\/wp\/v2\/pages\/1189","targetHints":{"allow":["GET"]}}],"collection":[{"href":"https:\/\/akskoeln.de\/index.php?rest_route=\/wp\/v2\/pages"}],"about":[{"href":"https:\/\/akskoeln.de\/index.php?rest_route=\/wp\/v2\/types\/page"}],"author":[{"embeddable":true,"href":"https:\/\/akskoeln.de\/index.php?rest_route=\/wp\/v2\/users\/1"}],"replies":[{"embeddable":true,"href":"https:\/\/akskoeln.de\/index.php?rest_route=%2Fwp%2Fv2%2Fcomments&post=1189"}],"version-history":[{"count":1,"href":"https:\/\/akskoeln.de\/index.php?rest_route=\/wp\/v2\/pages\/1189\/revisions"}],"predecessor-version":[{"id":1190,"href":"https:\/\/akskoeln.de\/index.php?rest_route=\/wp\/v2\/pages\/1189\/revisions\/1190"}],"wp:attachment":[{"href":"https:\/\/akskoeln.de\/index.php?rest_route=%2Fwp%2Fv2%2Fmedia&parent=1189"}],"curies":[{"name":"wp","href":"https:\/\/api.w.org\/{rel}","templated":true}]}}