{"id":1413,"date":"2025-05-09T09:02:15","date_gmt":"2025-05-09T07:02:15","guid":{"rendered":"https:\/\/akskoeln.de\/?page_id=1413"},"modified":"2025-05-09T09:07:23","modified_gmt":"2025-05-09T07:07:23","slug":"klle-alaaf","status":"publish","type":"page","link":"https:\/\/akskoeln.de\/?page_id=1413","title":{"rendered":"Schull und Veedelsz\u00fcch` 25!"},"content":{"rendered":"<p><strong><em>Mer echte Hauptschulljecke sin de bunteste Fisch em Becke!<\/em><\/strong>&nbsp;<\/p>\n<p>Mit diesem Motto startete die Adolph-Kolping Schule erstmals seit vielen Jahren wieder, zusammen mit drei anderen rechtsrheinischen Hauptschulen,&nbsp; an den Schull-und Veedelsz\u00fcch. Das gute Wetter, die tollen Kost\u00fcme und die perfekte Stimmung sorgten f\u00fcr ein unvergessliches Erlebnis. Die viele Arbeit der Herstellung der bunten Fische und Kraken hat sich gelohnt: wir wurden mit dem dritten Platz pr\u00e4miert! Ein herzliches Dankesch\u00f6n geht alle, die uns finanziell und t\u00e4tkr\u00e4ftig bei dieser Aktion unterst\u00fctzt haben.&nbsp;<\/p>\n<!-- default-view.php -->\n<div\n\tclass=\"ngg-galleryoverview default-view \"\n\tid=\"ngg-gallery-62d901d4e491c4ad68c410780ae05fee-1\">\n\n\t\t<!-- Thumbnails -->\n\t\t\t\t<div id=\"ngg-image-0\" class=\"ngg-gallery-thumbnail-box \" >\n\t\t\t\t        <div class=\"ngg-gallery-thumbnail\">\n            <a href=\"https:\/\/akskoeln.de\/wp-content\/gallery\/schull-und-veedelszuech\/Zuch-2.jpg\"\n               title=\"\"\n               data-src=\"https:\/\/akskoeln.de\/wp-content\/gallery\/schull-und-veedelszuech\/Zuch-2.jpg\"\n               data-thumbnail=\"https:\/\/akskoeln.de\/wp-content\/gallery\/schull-und-veedelszuech\/thumbs\/thumbs_Zuch-2.jpg\"\n               data-image-id=\"80\"\n               data-title=\"Zuch-2\"\n               data-description=\"\"\n               data-image-slug=\"zuch-2\"\n               class=\"ngg-simplelightbox\" rel=\"62d901d4e491c4ad68c410780ae05fee\">\n                <img\n                    title=\"Zuch-2\"\n                    alt=\"Zuch-2\"\n                    src=\"https:\/\/akskoeln.de\/wp-content\/gallery\/schull-und-veedelszuech\/thumbs\/thumbs_Zuch-2.jpg\"\n                    width=\"867\"\n                    height=\"650\"\n                    style=\"max-width:100%;\"\n                \/>\n            <\/a>\n        <\/div>\n\t\t\t\t\t\t\t<\/div> \n\t\t\t\n\t\t\t\t<div id=\"ngg-image-1\" class=\"ngg-gallery-thumbnail-box \" >\n\t\t\t\t        <div class=\"ngg-gallery-thumbnail\">\n            <a href=\"https:\/\/akskoeln.de\/wp-content\/gallery\/schull-und-veedelszuech\/Zuch3.jpg\"\n               title=\"\"\n               data-src=\"https:\/\/akskoeln.de\/wp-content\/gallery\/schull-und-veedelszuech\/Zuch3.jpg\"\n               data-thumbnail=\"https:\/\/akskoeln.de\/wp-content\/gallery\/schull-und-veedelszuech\/thumbs\/thumbs_Zuch3.jpg\"\n               data-image-id=\"81\"\n               data-title=\"Zuch3\"\n               data-description=\"\"\n               data-image-slug=\"zuch3\"\n               class=\"ngg-simplelightbox\" rel=\"62d901d4e491c4ad68c410780ae05fee\">\n                <img\n                    title=\"Zuch3\"\n                    alt=\"Zuch3\"\n                    src=\"https:\/\/akskoeln.de\/wp-content\/gallery\/schull-und-veedelszuech\/thumbs\/thumbs_Zuch3.jpg\"\n                    width=\"488\"\n                    height=\"650\"\n                    style=\"max-width:100%;\"\n                \/>\n            <\/a>\n        <\/div>\n\t\t\t\t\t\t\t<\/div> \n\t\t\t\n\t\t\t\t<div id=\"ngg-image-2\" class=\"ngg-gallery-thumbnail-box \" >\n\t\t\t\t        <div class=\"ngg-gallery-thumbnail\">\n            <a href=\"https:\/\/akskoeln.de\/wp-content\/gallery\/schull-und-veedelszuech\/Zuch-8.jpg\"\n               title=\"\"\n               data-src=\"https:\/\/akskoeln.de\/wp-content\/gallery\/schull-und-veedelszuech\/Zuch-8.jpg\"\n               data-thumbnail=\"https:\/\/akskoeln.de\/wp-content\/gallery\/schull-und-veedelszuech\/thumbs\/thumbs_Zuch-8.jpg\"\n               data-image-id=\"82\"\n               data-title=\"Zuch-8\"\n               data-description=\"\"\n               data-image-slug=\"zuch-8\"\n               class=\"ngg-simplelightbox\" rel=\"62d901d4e491c4ad68c410780ae05fee\">\n                <img\n                    title=\"Zuch-8\"\n                    alt=\"Zuch-8\"\n                    src=\"https:\/\/akskoeln.de\/wp-content\/gallery\/schull-und-veedelszuech\/thumbs\/thumbs_Zuch-8.jpg\"\n                    width=\"488\"\n                    height=\"650\"\n                    style=\"max-width:100%;\"\n                \/>\n            <\/a>\n        <\/div>\n\t\t\t\t\t\t\t<\/div> \n\t\t\t\n\t\t\t\t<div id=\"ngg-image-3\" class=\"ngg-gallery-thumbnail-box \" >\n\t\t\t\t        <div class=\"ngg-gallery-thumbnail\">\n            <a href=\"https:\/\/akskoeln.de\/wp-content\/gallery\/schull-und-veedelszuech\/Zuch-1.jpg\"\n               title=\"\"\n               data-src=\"https:\/\/akskoeln.de\/wp-content\/gallery\/schull-und-veedelszuech\/Zuch-1.jpg\"\n               data-thumbnail=\"https:\/\/akskoeln.de\/wp-content\/gallery\/schull-und-veedelszuech\/thumbs\/thumbs_Zuch-1.jpg\"\n               data-image-id=\"83\"\n               data-title=\"Zuch-1\"\n               data-description=\"\"\n               data-image-slug=\"zuch-1\"\n               class=\"ngg-simplelightbox\" rel=\"62d901d4e491c4ad68c410780ae05fee\">\n                <img\n                    title=\"Zuch-1\"\n                    alt=\"Zuch-1\"\n                    src=\"https:\/\/akskoeln.de\/wp-content\/gallery\/schull-und-veedelszuech\/thumbs\/thumbs_Zuch-1.jpg\"\n                    width=\"867\"\n                    height=\"650\"\n                    style=\"max-width:100%;\"\n                \/>\n            <\/a>\n        <\/div>\n\t\t\t\t\t\t\t<\/div> \n\t\t\t\n\t\t\t\t<div id=\"ngg-image-4\" class=\"ngg-gallery-thumbnail-box \" >\n\t\t\t\t        <div class=\"ngg-gallery-thumbnail\">\n            <a href=\"https:\/\/akskoeln.de\/wp-content\/gallery\/schull-und-veedelszuech\/Zuch7.jpg\"\n               title=\"\"\n               data-src=\"https:\/\/akskoeln.de\/wp-content\/gallery\/schull-und-veedelszuech\/Zuch7.jpg\"\n               data-thumbnail=\"https:\/\/akskoeln.de\/wp-content\/gallery\/schull-und-veedelszuech\/thumbs\/thumbs_Zuch7.jpg\"\n               data-image-id=\"84\"\n               data-title=\"Zuch7\"\n               data-description=\"\"\n               data-image-slug=\"zuch7\"\n               class=\"ngg-simplelightbox\" rel=\"62d901d4e491c4ad68c410780ae05fee\">\n                <img\n                    title=\"Zuch7\"\n                    alt=\"Zuch7\"\n                    src=\"https:\/\/akskoeln.de\/wp-content\/gallery\/schull-und-veedelszuech\/thumbs\/thumbs_Zuch7.jpg\"\n                    width=\"488\"\n                    height=\"650\"\n                    style=\"max-width:100%;\"\n                \/>\n            <\/a>\n        <\/div>\n\t\t\t\t\t\t\t<\/div> \n\t\t\t\n\t\t\t\t<div id=\"ngg-image-5\" class=\"ngg-gallery-thumbnail-box \" >\n\t\t\t\t        <div class=\"ngg-gallery-thumbnail\">\n            <a href=\"https:\/\/akskoeln.de\/wp-content\/gallery\/schull-und-veedelszuech\/Zuch6.jpg\"\n               title=\"\"\n               data-src=\"https:\/\/akskoeln.de\/wp-content\/gallery\/schull-und-veedelszuech\/Zuch6.jpg\"\n               data-thumbnail=\"https:\/\/akskoeln.de\/wp-content\/gallery\/schull-und-veedelszuech\/thumbs\/thumbs_Zuch6.jpg\"\n               data-image-id=\"85\"\n               data-title=\"Zuch6\"\n               data-description=\"\"\n               data-image-slug=\"zuch6\"\n               class=\"ngg-simplelightbox\" rel=\"62d901d4e491c4ad68c410780ae05fee\">\n                <img\n                    title=\"Zuch6\"\n                    alt=\"Zuch6\"\n                    src=\"https:\/\/akskoeln.de\/wp-content\/gallery\/schull-und-veedelszuech\/thumbs\/thumbs_Zuch6.jpg\"\n                    width=\"257\"\n                    height=\"650\"\n                    style=\"max-width:100%;\"\n                \/>\n            <\/a>\n        <\/div>\n\t\t\t\t\t\t\t<\/div> \n\t\t\t\n\t\n\t<br style=\"clear: both\" \/>\n\n\t\n\t\t<!-- Pagination -->\n\t<div class='ngg-clear'><\/div>\t<\/div>\n\n","protected":false},"excerpt":{"rendered":"<p>Mer echte Hauptschulljecke sin de bunteste Fisch em Becke!&nbsp; Mit diesem Motto startete die Adolph-Kolping Schule erstmals seit vielen Jahren wieder, zusammen mit drei anderen rechtsrheinischen Hauptschulen,&nbsp; an den Schull-und Veedelsz\u00fcch. Das gute Wetter, die tollen Kost\u00fcme und die perfekte &hellip; <a href=\"https:\/\/akskoeln.de\/?page_id=1413\">Weiterlesen <span class=\"meta-nav\">&rarr;<\/span><\/a><\/p>\n","protected":false},"author":1,"featured_media":0,"parent":0,"menu_order":0,"comment_status":"closed","ping_status":"closed","template":"","meta":{"ngg_post_thumbnail":0,"footnotes":""},"class_list":["post-1413","page","type-page","status-publish","hentry"],"_links":{"self":[{"href":"https:\/\/akskoeln.de\/index.php?rest_route=\/wp\/v2\/pages\/1413","targetHints":{"allow":["GET"]}}],"collection":[{"href":"https:\/\/akskoeln.de\/index.php?rest_route=\/wp\/v2\/pages"}],"about":[{"href":"https:\/\/akskoeln.de\/index.php?rest_route=\/wp\/v2\/types\/page"}],"author":[{"embeddable":true,"href":"https:\/\/akskoeln.de\/index.php?rest_route=\/wp\/v2\/users\/1"}],"replies":[{"embeddable":true,"href":"https:\/\/akskoeln.de\/index.php?rest_route=%2Fwp%2Fv2%2Fcomments&post=1413"}],"version-history":[{"count":4,"href":"https:\/\/akskoeln.de\/index.php?rest_route=\/wp\/v2\/pages\/1413\/revisions"}],"predecessor-version":[{"id":1418,"href":"https:\/\/akskoeln.de\/index.php?rest_route=\/wp\/v2\/pages\/1413\/revisions\/1418"}],"wp:attachment":[{"href":"https:\/\/akskoeln.de\/index.php?rest_route=%2Fwp%2Fv2%2Fmedia&parent=1413"}],"curies":[{"name":"wp","href":"https:\/\/api.w.org\/{rel}","templated":true}]}}